{"id":10946,"date":"2023-11-06T06:45:02","date_gmt":"2023-11-06T06:45:02","guid":{"rendered":"https:\/\/hidecordesign.com\/?page_id=10946"},"modified":"2024-08-30T12:21:01","modified_gmt":"2024-08-30T12:21:01","slug":"a-propos-de-nous","status":"publish","type":"page","link":"https:\/\/hidecordesign.com\/fr\/a-propos-de-nous\/","title":{"rendered":"\u00c0 propos de nous"},"content":{"rendered":"\t\t<div data-elementor-type=\"wp-page\" data-elementor-id=\"10946\" class=\"elementor elementor-10946 elementor-8559\">\n\t\t\t\t\t\t<section class=\"elementor-section elementor-top-section elementor-element elementor-element-b11c58a elementor-section-full_width qodef-elementor-content-grid elementor-section-height-default elementor-section-height-default\" data-id=\"b11c58a\" data-element_type=\"section\" data-e-type=\"section\" data-settings=\"{&quot;background_background&quot;:&quot;classic&quot;}\">\n\t\t\t\t\t\t<div class=\"elementor-container elementor-column-gap-default\">\n\t\t\t\t\t<div class=\"elementor-column elementor-col-100 elementor-top-column elementor-element elementor-element-a4f52fb\" data-id=\"a4f52fb\" data-element_type=\"column\" data-e-type=\"column\">\n\t\t\t<div class=\"elementor-widget-wrap elementor-element-populated\">\n\t\t\t\t\t\t<div class=\"elementor-element elementor-element-275b786 elementor-widget elementor-widget-text-editor\" data-id=\"275b786\" data-element_type=\"widget\" data-e-type=\"widget\" data-widget_type=\"text-editor.default\">\n\t\t\t\t<div class=\"elementor-widget-container\">\n\t\t\t\t\t\t\t\t\t<p><span><span><a href=\"https:\/\/hidecordesign.com\/fr\/\">Accueil<\/a><\/span><\/span><\/p>\t\t\t\t\t\t\t\t<\/div>\n\t\t\t\t<\/div>\n\t\t\t\t\t<\/div>\n\t\t<\/div>\n\t\t\t\t\t<\/div>\n\t\t<\/section>\n\t\t\t\t<section class=\"elementor-section elementor-top-section elementor-element elementor-element-cbd2d3f elementor-section-full_width elementor-section-content-middle elementor-section-stretched elementor-section-height-default elementor-section-height-default qodef-elementor-content-no\" data-id=\"cbd2d3f\" data-element_type=\"section\" data-e-type=\"section\" data-settings=\"{&quot;stretch_section&quot;:&quot;section-stretched&quot;,&quot;background_background&quot;:&quot;classic&quot;}\">\n\t\t\t\t\t\t<div class=\"elementor-container elementor-column-gap-no\">\n\t\t\t\t\t<div class=\"elementor-column elementor-col-100 elementor-top-column elementor-element elementor-element-0deacef\" data-id=\"0deacef\" data-element_type=\"column\" data-e-type=\"column\">\n\t\t\t<div class=\"elementor-widget-wrap elementor-element-populated\">\n\t\t\t\t\t\t<div class=\"elementor-element elementor-element-f59f72b elementor-widget elementor-widget-image\" data-id=\"f59f72b\" data-element_type=\"widget\" data-e-type=\"widget\" data-widget_type=\"image.default\">\n\t\t\t\t<div class=\"elementor-widget-container\">\n\t\t\t\t\t\t\t\t\t\t\t\t\t\t\t<img fetchpriority=\"high\" decoding=\"async\" width=\"1920\" height=\"606\" src=\"https:\/\/hidecordesign.com\/wp-content\/uploads\/2023\/11\/IMG_8430-1.jpg\" class=\"attachment-full size-full wp-image-8567\" alt=\"\" srcset=\"https:\/\/hidecordesign.com\/wp-content\/uploads\/2023\/11\/IMG_8430-1.jpg 1920w, https:\/\/hidecordesign.com\/wp-content\/uploads\/2023\/11\/IMG_8430-1-300x95.jpg 300w, https:\/\/hidecordesign.com\/wp-content\/uploads\/2023\/11\/IMG_8430-1-1024x323.jpg 1024w, https:\/\/hidecordesign.com\/wp-content\/uploads\/2023\/11\/IMG_8430-1-768x242.jpg 768w, https:\/\/hidecordesign.com\/wp-content\/uploads\/2023\/11\/IMG_8430-1-1536x485.jpg 1536w, https:\/\/hidecordesign.com\/wp-content\/uploads\/2023\/11\/IMG_8430-1-600x189.jpg 600w\" sizes=\"(max-width: 1920px) 100vw, 1920px\" \/>\t\t\t\t\t\t\t\t\t\t\t\t\t\t\t<\/div>\n\t\t\t\t<\/div>\n\t\t\t\t\t<\/div>\n\t\t<\/div>\n\t\t\t\t\t<\/div>\n\t\t<\/section>\n\t\t\t\t<section class=\"elementor-section elementor-top-section elementor-element elementor-element-e7077c7 elementor-section-full_width elementor-section-content-middle qodef-elementor-content-grid elementor-section-height-default elementor-section-height-default\" data-id=\"e7077c7\" data-element_type=\"section\" data-e-type=\"section\">\n\t\t\t\t\t\t<div class=\"elementor-container elementor-column-gap-default\">\n\t\t\t\t\t<div class=\"elementor-column elementor-col-100 elementor-top-column elementor-element elementor-element-28f74f9\" data-id=\"28f74f9\" data-element_type=\"column\" data-e-type=\"column\">\n\t\t\t<div class=\"elementor-widget-wrap elementor-element-populated\">\n\t\t\t\t\t\t<div class=\"elementor-element elementor-element-dfecca0 elementor-widget elementor-widget-heading\" data-id=\"dfecca0\" data-element_type=\"widget\" data-e-type=\"widget\" data-widget_type=\"heading.default\">\n\t\t\t\t<div class=\"elementor-widget-container\">\n\t\t\t\t\t<h2 class=\"elementor-heading-title elementor-size-default\">\u00c0 propos de nous<\/h2>\t\t\t\t<\/div>\n\t\t\t\t<\/div>\n\t\t\t\t<div class=\"elementor-element elementor-element-3020009 elementor-widget elementor-widget-text-editor\" data-id=\"3020009\" data-element_type=\"widget\" data-e-type=\"widget\" data-widget_type=\"text-editor.default\">\n\t\t\t\t<div class=\"elementor-widget-container\">\n\t\t\t\t\t\t\t\t\tH.I D\u00e9cor &#038; Design est une entreprise montr\u00e9alaise avec plus de 17 ans d\u2019exp\u00e9rience dans le domaine du design d\u2019int\u00e9rieur. En tant qu\u2019entreprise de design \u00e0 service complet, nous nous engageons \u00e0 r\u00e9pondre \u00e0 tous vos besoins sp\u00e9cifiques en mati\u00e8re de design d\u2019int\u00e9rieur. Chez H.I D\u00e9cor &#038; Design, nous croyons fermement qu\u2019il est essentiel de vivre dans un espace qui refl\u00e8te votre personnalit\u00e9 et qui vous donne le sentiment que votre maison est une extension de vous-m\u00eame. Notre \u00e9quipe d\u2019experts se consacre \u00e0 comprendre la vision unique de chaque client, \u00e0 \u00e9couter attentivement ses d\u00e9sirs et \u00e0 travailler en \u00e9troite collaboration avec lui tout au long du processus. H.I D\u00e9cor &#038; Design offre une approche innovante et originale \u00e0 chaque projet, en cr\u00e9ant des environnements qui sont non seulement fonctionnels et confortables, mais aussi tr\u00e8s repr\u00e9sentatifs de chaque client. Laissez-nous vous aider \u00e0 faire de votre maison un foyer que vous allez adorer.\t\t\t\t\t\t\t\t<\/div>\n\t\t\t\t<\/div>\n\t\t\t\t\t<\/div>\n\t\t<\/div>\n\t\t\t\t\t<\/div>\n\t\t<\/section>\n\t\t\t\t<section class=\"elementor-section elementor-top-section elementor-element elementor-element-60e18e2 elementor-section-full_width elementor-section-content-middle qodef-elementor-content-grid elementor-section-height-default elementor-section-height-default\" data-id=\"60e18e2\" data-element_type=\"section\" data-e-type=\"section\">\n\t\t\t\t\t\t<div class=\"elementor-container elementor-column-gap-default\">\n\t\t\t\t\t<div class=\"elementor-column elementor-col-100 elementor-top-column elementor-element elementor-element-55529c1\" data-id=\"55529c1\" data-element_type=\"column\" data-e-type=\"column\">\n\t\t\t<div class=\"elementor-widget-wrap elementor-element-populated\">\n\t\t\t\t\t\t<div class=\"elementor-element elementor-element-f626478 elementor-widget elementor-widget-heading\" data-id=\"f626478\" data-element_type=\"widget\" data-e-type=\"widget\" data-widget_type=\"heading.default\">\n\t\t\t\t<div class=\"elementor-widget-container\">\n\t\t\t\t\t<h2 class=\"elementor-heading-title elementor-size-default\">Notre \u00e9quipe d\u2019experts<\/h2>\t\t\t\t<\/div>\n\t\t\t\t<\/div>\n\t\t\t\t<div class=\"elementor-element elementor-element-d5bafce elementor-widget elementor-widget-text-editor\" data-id=\"d5bafce\" data-element_type=\"widget\" data-e-type=\"widget\" data-widget_type=\"text-editor.default\">\n\t\t\t\t<div class=\"elementor-widget-container\">\n\t\t\t\t\t\t\t\t\tSans contrainte stylistique, nous favorisons les visions collaboratives pour des projets uniques. Les forces intelligentes, bienveillantes et cr\u00e9atives de notre \u00e9quipe produisent des r\u00e9sultats exceptionnels et donnent vie \u00e0 vos d\u00e9sirs\u2009! D\u00e9couvrez avec nous la magie de la cr\u00e9ativit\u00e9 collective.\t\t\t\t\t\t\t\t<\/div>\n\t\t\t\t<\/div>\n\t\t\t\t\t<\/div>\n\t\t<\/div>\n\t\t\t\t\t<\/div>\n\t\t<\/section>\n\t\t\t\t<section class=\"elementor-section elementor-top-section elementor-element elementor-element-0eb738e elementor-section-full_width elementor-section-content-middle qodef-elementor-content-grid elementor-section-height-default elementor-section-height-default\" data-id=\"0eb738e\" data-element_type=\"section\" data-e-type=\"section\">\n\t\t\t\t\t\t<div class=\"elementor-container elementor-column-gap-default\">\n\t\t\t\t\t<div class=\"elementor-column elementor-col-50 elementor-top-column elementor-element elementor-element-0250580\" data-id=\"0250580\" data-element_type=\"column\" data-e-type=\"column\">\n\t\t\t<div class=\"elementor-widget-wrap elementor-element-populated\">\n\t\t\t\t\t\t<div class=\"elementor-element elementor-element-32f6427 elementor-widget elementor-widget-emaurri_core_single_image\" data-id=\"32f6427\" data-element_type=\"widget\" data-e-type=\"widget\" data-widget_type=\"emaurri_core_single_image.default\">\n\t\t\t\t<div class=\"elementor-widget-container\">\n\t\t\t\t\t<div class=\"qodef-shortcode qodef-m  qodef-single-image qodef-layout--default \">\n\t<div class=\"qodef-m-image\">\n\t\t\t<img decoding=\"async\" width=\"608\" height=\"837\" src=\"https:\/\/hidecordesign.com\/wp-content\/uploads\/2023\/11\/image-17.jpg\" class=\"attachment-full size-full\" alt=\"\" srcset=\"https:\/\/hidecordesign.com\/wp-content\/uploads\/2023\/11\/image-17.jpg 608w, https:\/\/hidecordesign.com\/wp-content\/uploads\/2023\/11\/image-17-218x300.jpg 218w, https:\/\/hidecordesign.com\/wp-content\/uploads\/2023\/11\/image-17-600x826.jpg 600w\" sizes=\"(max-width: 608px) 100vw, 608px\" \/>\t<\/div>\n<\/div>\n\t\t\t\t<\/div>\n\t\t\t\t<\/div>\n\t\t\t\t\t<\/div>\n\t\t<\/div>\n\t\t\t\t<div class=\"elementor-column elementor-col-50 elementor-top-column elementor-element elementor-element-eae927b\" data-id=\"eae927b\" data-element_type=\"column\" data-e-type=\"column\">\n\t\t\t<div class=\"elementor-widget-wrap elementor-element-populated\">\n\t\t\t\t\t\t<div class=\"elementor-element elementor-element-410f8bb elementor-widget elementor-widget-text-editor\" data-id=\"410f8bb\" data-element_type=\"widget\" data-e-type=\"widget\" data-widget_type=\"text-editor.default\">\n\t\t\t\t<div class=\"elementor-widget-container\">\n\t\t\t\t\t\t\t\t\t<p><strong>Julia Castagna &#8211; Designer principale et praticienne en Feng Shui:<\/strong><\/p><p>Julia est la fondatrice et la designer d\u2019int\u00e9rieur principale de H.I D\u00e9cor &amp; Design. Ses conceptions sont marqu\u00e9es par une attention intentionnelle et m\u00e9ticuleuse aux d\u00e9tails, r\u00e9v\u00e9lant souvent la beaut\u00e9 cach\u00e9e dans la vie de tous les jours que les autres pourraient ignorer.<\/p><p>Julia tient beaucoup \u00e0 bien conna\u00eetre ses clients, dont la personnalit\u00e9 et les pr\u00e9f\u00e9rences inspirent son processus cr\u00e9atif. Elle s\u2019efforce d\u2019insuffler de l\u2019originalit\u00e9 et de cr\u00e9er des projets uniques, en \u00e9vitant les clich\u00e9s et les choix pr\u00e9visibles en mati\u00e8re de design. Julia accorde une grande importance au confort et \u00e0 la convivialit\u00e9, en int\u00e9grant de mani\u00e8re harmonieuse des textures, des couleurs et des styles int\u00e9ressants dans ses cr\u00e9ations qui refl\u00e8tent les go\u00fbts et les sensibilit\u00e9s de ses clients.<\/p><p>Avec un portefeuille diversifi\u00e9 qui couvre tout le spectre de l\u2019habitat, des pouponni\u00e8res aux grandes r\u00e9sidences de luxe, Julia a fait ses preuves en proposant des solutions de design exceptionnelles pour tous les types d\u2019espaces.<\/p>\t\t\t\t\t\t\t\t<\/div>\n\t\t\t\t<\/div>\n\t\t\t\t\t<\/div>\n\t\t<\/div>\n\t\t\t\t\t<\/div>\n\t\t<\/section>\n\t\t\t\t<section class=\"elementor-section elementor-top-section elementor-element elementor-element-bc6173f elementor-section-full_width elementor-section-content-middle qodef-elementor-content-grid elementor-reverse-tablet elementor-reverse-mobile elementor-section-height-default elementor-section-height-default\" data-id=\"bc6173f\" data-element_type=\"section\" data-e-type=\"section\">\n\t\t\t\t\t\t<div class=\"elementor-container elementor-column-gap-default\">\n\t\t\t\t\t<div class=\"elementor-column elementor-col-50 elementor-top-column elementor-element elementor-element-4d001b4\" data-id=\"4d001b4\" data-element_type=\"column\" data-e-type=\"column\">\n\t\t\t<div class=\"elementor-widget-wrap elementor-element-populated\">\n\t\t\t\t\t\t<div class=\"elementor-element elementor-element-fc3494a elementor-widget elementor-widget-text-editor\" data-id=\"fc3494a\" data-element_type=\"widget\" data-e-type=\"widget\" data-widget_type=\"text-editor.default\">\n\t\t\t\t<div class=\"elementor-widget-container\">\n\t\t\t\t\t\t\t\t\t<p><strong>Jennifer Figueiredo\u2014Designer int\u00e9rieure:<\/strong><\/p><p>Jennifer Figueiredo est la designer d\u2019int\u00e9rieur chez HI D\u00e9cor &amp; Design. Son expertise repose sur son souci du d\u00e9tail et son sens cr\u00e9atif pour la sym\u00e9trie. Sa passion pour le design est in\u00e9gal\u00e9e et elle se consacre continuellement \u00e0 la recherche et aux \u00e9tudes, profitant de ses 15\u00a0ann\u00e9es d\u2019exp\u00e9rience dans le domaine. Ses cr\u00e9ations atteignent l\u2019\u00e9quilibre parfait entre intemporalit\u00e9 et contemporan\u00e9it\u00e9.<\/p><p>Avec sa grande exp\u00e9rience en service \u00e0 la client\u00e8le, Jennifer a une capacit\u00e9 inn\u00e9e \u00e0 comprendre et \u00e0 satisfaire les besoins et les d\u00e9sirs de ses clients. Elle \u00e9prouve une grande satisfaction \u00e0 cr\u00e9er un lien \u00e9motionnel lorsqu\u2019un client entre dans un espace qu\u2019elle a con\u00e7u, ce qui est pour elle l\u2019aspect le plus \u00e9panouissant de sa carri\u00e8re.<\/p><p>Jennifer attribue son succ\u00e8s \u00e0 son \u00e9quipe talentueuse et \u00e0 la confiance que ses clients lui accordent pour concr\u00e9tiser leurs projets. Chez HI D\u00e9cor &amp; Design, nous sommes tr\u00e8s reconnaissants de pouvoir travailler avec chaque client et de r\u00e9aliser la r\u00e9sidence de leurs r\u00eaves.<\/p>\t\t\t\t\t\t\t\t<\/div>\n\t\t\t\t<\/div>\n\t\t\t\t\t<\/div>\n\t\t<\/div>\n\t\t\t\t<div class=\"elementor-column elementor-col-50 elementor-top-column elementor-element elementor-element-0e4e15f\" data-id=\"0e4e15f\" data-element_type=\"column\" data-e-type=\"column\">\n\t\t\t<div class=\"elementor-widget-wrap elementor-element-populated\">\n\t\t\t\t\t\t<div class=\"elementor-element elementor-element-e01302a elementor-widget elementor-widget-emaurri_core_single_image\" data-id=\"e01302a\" data-element_type=\"widget\" data-e-type=\"widget\" data-widget_type=\"emaurri_core_single_image.default\">\n\t\t\t\t<div class=\"elementor-widget-container\">\n\t\t\t\t\t<div class=\"qodef-shortcode qodef-m  qodef-single-image qodef-layout--default \">\n\t<div class=\"qodef-m-image\">\n\t\t\t<img decoding=\"async\" width=\"558\" height=\"837\" src=\"https:\/\/hidecordesign.com\/wp-content\/uploads\/2023\/11\/image-18.jpg\" class=\"attachment-full size-full\" alt=\"\" srcset=\"https:\/\/hidecordesign.com\/wp-content\/uploads\/2023\/11\/image-18.jpg 558w, https:\/\/hidecordesign.com\/wp-content\/uploads\/2023\/11\/image-18-200x300.jpg 200w\" sizes=\"(max-width: 558px) 100vw, 558px\" \/>\t<\/div>\n<\/div>\n\t\t\t\t<\/div>\n\t\t\t\t<\/div>\n\t\t\t\t\t<\/div>\n\t\t<\/div>\n\t\t\t\t\t<\/div>\n\t\t<\/section>\n\t\t\t\t<section class=\"elementor-section elementor-top-section elementor-element elementor-element-b993ac6 elementor-section-full_width elementor-section-content-middle qodef-elementor-content-grid elementor-section-height-default elementor-section-height-default\" data-id=\"b993ac6\" data-element_type=\"section\" data-e-type=\"section\">\n\t\t\t\t\t\t<div class=\"elementor-container elementor-column-gap-default\">\n\t\t\t\t\t<div class=\"elementor-column elementor-col-50 elementor-top-column elementor-element elementor-element-13d456c\" data-id=\"13d456c\" data-element_type=\"column\" data-e-type=\"column\">\n\t\t\t<div class=\"elementor-widget-wrap elementor-element-populated\">\n\t\t\t\t\t\t<div class=\"elementor-element elementor-element-c5e6e4d elementor-widget elementor-widget-emaurri_core_single_image\" data-id=\"c5e6e4d\" data-element_type=\"widget\" data-e-type=\"widget\" data-widget_type=\"emaurri_core_single_image.default\">\n\t\t\t\t<div class=\"elementor-widget-container\">\n\t\t\t\t\t<div class=\"qodef-shortcode qodef-m  qodef-single-image qodef-layout--default \">\n\t<div class=\"qodef-m-image\">\n\t\t\t<img loading=\"lazy\" decoding=\"async\" width=\"609\" height=\"872\" src=\"https:\/\/hidecordesign.com\/wp-content\/uploads\/2023\/11\/image-19.jpg\" class=\"attachment-full size-full\" alt=\"\" srcset=\"https:\/\/hidecordesign.com\/wp-content\/uploads\/2023\/11\/image-19.jpg 609w, https:\/\/hidecordesign.com\/wp-content\/uploads\/2023\/11\/image-19-210x300.jpg 210w, https:\/\/hidecordesign.com\/wp-content\/uploads\/2023\/11\/image-19-600x859.jpg 600w\" sizes=\"(max-width: 609px) 100vw, 609px\" \/>\t<\/div>\n<\/div>\n\t\t\t\t<\/div>\n\t\t\t\t<\/div>\n\t\t\t\t\t<\/div>\n\t\t<\/div>\n\t\t\t\t<div class=\"elementor-column elementor-col-50 elementor-top-column elementor-element elementor-element-6da5b57\" data-id=\"6da5b57\" data-element_type=\"column\" data-e-type=\"column\">\n\t\t\t<div class=\"elementor-widget-wrap elementor-element-populated\">\n\t\t\t\t\t\t<div class=\"elementor-element elementor-element-ea5fb08 elementor-widget elementor-widget-text-editor\" data-id=\"ea5fb08\" data-element_type=\"widget\" data-e-type=\"widget\" data-widget_type=\"text-editor.default\">\n\t\t\t\t<div class=\"elementor-widget-container\">\n\t\t\t\t\t\t\t\t\t<p><strong>Priscilla Lin\u2014Designer int\u00e9rieure adjointe &amp; directrice du marketing:<\/strong><\/p><p>Voici Priscilla Lin, Designer int\u00e9rieure adjointe &amp; directrice du marketing chez H.I D\u00e9cor &amp; Design. Passionn\u00e9e par la cr\u00e9ativit\u00e9 et le design, Priscilla a fait carri\u00e8re dans l\u2019industrie du design int\u00e9rieur, s\u2019effor\u00e7ant de faire ressortir le meilleur dans chaque projet. Elle est ambitieuse, cr\u00e9ative et responsable \u2014 des qualit\u00e9s essentielles dans sa vie personnelle et professionnelle.<\/p><p>Priscilla est toujours pr\u00eate \u00e0 relever de nouveaux d\u00e9fis et \u00e0 acqu\u00e9rir de nouvelles connaissances. Son objectif est d\u2019avoir un impact positif sur le monde du design int\u00e9rieur et au-del\u00e0.<\/p>\t\t\t\t\t\t\t\t<\/div>\n\t\t\t\t<\/div>\n\t\t\t\t\t<\/div>\n\t\t<\/div>\n\t\t\t\t\t<\/div>\n\t\t<\/section>\n\t\t\t\t<\/div>\n\t\t","protected":false},"excerpt":{"rendered":"<p>\u00c0 propos de nous H.I D\u00e9cor &#038; Design est une entreprise montr\u00e9alaise avec plus de 17 ans d\u2019exp\u00e9rience dans le domaine du design d\u2019int\u00e9rieur. En tant qu\u2019entreprise de design \u00e0 service complet, nous nous engageons \u00e0 r\u00e9pondre \u00e0 tous vos besoins sp\u00e9cifiques en mati\u00e8re de design d\u2019int\u00e9rieur. Chez H.I D\u00e9cor &#038; Design, nous croyons fermement [&hellip;]<\/p>\n","protected":false},"author":1,"featured_media":0,"parent":0,"menu_order":0,"comment_status":"closed","ping_status":"closed","template":"page-full-width.php","meta":{"footnotes":""},"class_list":["post-10946","page","type-page","status-publish","hentry"],"yoast_head":"<!-- This site is optimized with the Yoast SEO plugin v27.4 - https:\/\/yoast.com\/product\/yoast-seo-wordpress\/ -->\n<title>\u00c0 propos de nous - H.i Decor Design<\/title>\n<meta name=\"robots\" content=\"index, follow, max-snippet:-1, max-image-preview:large, max-video-preview:-1\" \/>\n<link rel=\"canonical\" href=\"https:\/\/hidecordesign.com\/fr\/a-propos-de-nous\/\" \/>\n<meta property=\"og:locale\" content=\"fr_FR\" \/>\n<meta property=\"og:type\" content=\"article\" \/>\n<meta property=\"og:title\" content=\"\u00c0 propos de nous - H.i Decor Design\" \/>\n<meta property=\"og:description\" content=\"\u00c0 propos de nous H.I D\u00e9cor &#038; Design est une entreprise montr\u00e9alaise avec plus de 17 ans d\u2019exp\u00e9rience dans le domaine du design d\u2019int\u00e9rieur. En tant qu\u2019entreprise de design \u00e0 service complet, nous nous engageons \u00e0 r\u00e9pondre \u00e0 tous vos besoins sp\u00e9cifiques en mati\u00e8re de design d\u2019int\u00e9rieur. Chez H.I D\u00e9cor &#038; Design, nous croyons fermement [&hellip;]\" \/>\n<meta property=\"og:url\" content=\"https:\/\/hidecordesign.com\/fr\/a-propos-de-nous\/\" \/>\n<meta property=\"og:site_name\" content=\"H.i Decor Design\" \/>\n<meta property=\"article:modified_time\" content=\"2024-08-30T12:21:01+00:00\" \/>\n<meta property=\"og:image\" content=\"https:\/\/hidecordesign.com\/wp-content\/uploads\/2023\/11\/IMG_8430-1.jpg\" \/>\n<meta name=\"twitter:card\" content=\"summary_large_image\" \/>\n<meta name=\"twitter:label1\" content=\"Dur\u00e9e de lecture estim\u00e9e\" \/>\n\t<meta name=\"twitter:data1\" content=\"4 minutes\" \/>\n<script type=\"application\/ld+json\" class=\"yoast-schema-graph\">{\"@context\":\"https:\\\/\\\/schema.org\",\"@graph\":[{\"@type\":\"WebPage\",\"@id\":\"https:\\\/\\\/hidecordesign.com\\\/fr\\\/a-propos-de-nous\\\/\",\"url\":\"https:\\\/\\\/hidecordesign.com\\\/fr\\\/a-propos-de-nous\\\/\",\"name\":\"\u00c0 propos de nous - H.i Decor Design\",\"isPartOf\":{\"@id\":\"https:\\\/\\\/hidecordesign.com\\\/fr\\\/#website\"},\"primaryImageOfPage\":{\"@id\":\"https:\\\/\\\/hidecordesign.com\\\/fr\\\/a-propos-de-nous\\\/#primaryimage\"},\"image\":{\"@id\":\"https:\\\/\\\/hidecordesign.com\\\/fr\\\/a-propos-de-nous\\\/#primaryimage\"},\"thumbnailUrl\":\"https:\\\/\\\/hidecordesign.com\\\/wp-content\\\/uploads\\\/2023\\\/11\\\/IMG_8430-1.jpg\",\"datePublished\":\"2023-11-06T06:45:02+00:00\",\"dateModified\":\"2024-08-30T12:21:01+00:00\",\"breadcrumb\":{\"@id\":\"https:\\\/\\\/hidecordesign.com\\\/fr\\\/a-propos-de-nous\\\/#breadcrumb\"},\"inLanguage\":\"fr-FR\",\"potentialAction\":[{\"@type\":\"ReadAction\",\"target\":[\"https:\\\/\\\/hidecordesign.com\\\/fr\\\/a-propos-de-nous\\\/\"]}]},{\"@type\":\"ImageObject\",\"inLanguage\":\"fr-FR\",\"@id\":\"https:\\\/\\\/hidecordesign.com\\\/fr\\\/a-propos-de-nous\\\/#primaryimage\",\"url\":\"https:\\\/\\\/hidecordesign.com\\\/wp-content\\\/uploads\\\/2023\\\/11\\\/IMG_8430-1.jpg\",\"contentUrl\":\"https:\\\/\\\/hidecordesign.com\\\/wp-content\\\/uploads\\\/2023\\\/11\\\/IMG_8430-1.jpg\"},{\"@type\":\"BreadcrumbList\",\"@id\":\"https:\\\/\\\/hidecordesign.com\\\/fr\\\/a-propos-de-nous\\\/#breadcrumb\",\"itemListElement\":[{\"@type\":\"ListItem\",\"position\":1,\"name\":\"Accueil\",\"item\":\"https:\\\/\\\/hidecordesign.com\\\/fr\\\/\"},{\"@type\":\"ListItem\",\"position\":2,\"name\":\"\u00c0 propos de nous\"}]},{\"@type\":\"WebSite\",\"@id\":\"https:\\\/\\\/hidecordesign.com\\\/fr\\\/#website\",\"url\":\"https:\\\/\\\/hidecordesign.com\\\/fr\\\/\",\"name\":\"H.i Decor Design\",\"description\":\"Harmony\\u2028Inspired\\u2028Interiors\",\"potentialAction\":[{\"@type\":\"SearchAction\",\"target\":{\"@type\":\"EntryPoint\",\"urlTemplate\":\"https:\\\/\\\/hidecordesign.com\\\/fr\\\/?s={search_term_string}\"},\"query-input\":{\"@type\":\"PropertyValueSpecification\",\"valueRequired\":true,\"valueName\":\"search_term_string\"}}],\"inLanguage\":\"fr-FR\"}]}<\/script>\n<!-- \/ Yoast SEO plugin. -->","yoast_head_json":{"title":"\u00c0 propos de nous - H.i Decor Design","robots":{"index":"index","follow":"follow","max-snippet":"max-snippet:-1","max-image-preview":"max-image-preview:large","max-video-preview":"max-video-preview:-1"},"canonical":"https:\/\/hidecordesign.com\/fr\/a-propos-de-nous\/","og_locale":"fr_FR","og_type":"article","og_title":"\u00c0 propos de nous - H.i Decor Design","og_description":"\u00c0 propos de nous H.I D\u00e9cor &#038; Design est une entreprise montr\u00e9alaise avec plus de 17 ans d\u2019exp\u00e9rience dans le domaine du design d\u2019int\u00e9rieur. En tant qu\u2019entreprise de design \u00e0 service complet, nous nous engageons \u00e0 r\u00e9pondre \u00e0 tous vos besoins sp\u00e9cifiques en mati\u00e8re de design d\u2019int\u00e9rieur. Chez H.I D\u00e9cor &#038; Design, nous croyons fermement [&hellip;]","og_url":"https:\/\/hidecordesign.com\/fr\/a-propos-de-nous\/","og_site_name":"H.i Decor Design","article_modified_time":"2024-08-30T12:21:01+00:00","og_image":[{"url":"https:\/\/hidecordesign.com\/wp-content\/uploads\/2023\/11\/IMG_8430-1.jpg","type":"","width":"","height":""}],"twitter_card":"summary_large_image","twitter_misc":{"Dur\u00e9e de lecture estim\u00e9e":"4 minutes"},"schema":{"@context":"https:\/\/schema.org","@graph":[{"@type":"WebPage","@id":"https:\/\/hidecordesign.com\/fr\/a-propos-de-nous\/","url":"https:\/\/hidecordesign.com\/fr\/a-propos-de-nous\/","name":"\u00c0 propos de nous - H.i Decor Design","isPartOf":{"@id":"https:\/\/hidecordesign.com\/fr\/#website"},"primaryImageOfPage":{"@id":"https:\/\/hidecordesign.com\/fr\/a-propos-de-nous\/#primaryimage"},"image":{"@id":"https:\/\/hidecordesign.com\/fr\/a-propos-de-nous\/#primaryimage"},"thumbnailUrl":"https:\/\/hidecordesign.com\/wp-content\/uploads\/2023\/11\/IMG_8430-1.jpg","datePublished":"2023-11-06T06:45:02+00:00","dateModified":"2024-08-30T12:21:01+00:00","breadcrumb":{"@id":"https:\/\/hidecordesign.com\/fr\/a-propos-de-nous\/#breadcrumb"},"inLanguage":"fr-FR","potentialAction":[{"@type":"ReadAction","target":["https:\/\/hidecordesign.com\/fr\/a-propos-de-nous\/"]}]},{"@type":"ImageObject","inLanguage":"fr-FR","@id":"https:\/\/hidecordesign.com\/fr\/a-propos-de-nous\/#primaryimage","url":"https:\/\/hidecordesign.com\/wp-content\/uploads\/2023\/11\/IMG_8430-1.jpg","contentUrl":"https:\/\/hidecordesign.com\/wp-content\/uploads\/2023\/11\/IMG_8430-1.jpg"},{"@type":"BreadcrumbList","@id":"https:\/\/hidecordesign.com\/fr\/a-propos-de-nous\/#breadcrumb","itemListElement":[{"@type":"ListItem","position":1,"name":"Accueil","item":"https:\/\/hidecordesign.com\/fr\/"},{"@type":"ListItem","position":2,"name":"\u00c0 propos de nous"}]},{"@type":"WebSite","@id":"https:\/\/hidecordesign.com\/fr\/#website","url":"https:\/\/hidecordesign.com\/fr\/","name":"H.i Decor Design","description":"Harmony\u2028Inspired\u2028Interiors","potentialAction":[{"@type":"SearchAction","target":{"@type":"EntryPoint","urlTemplate":"https:\/\/hidecordesign.com\/fr\/?s={search_term_string}"},"query-input":{"@type":"PropertyValueSpecification","valueRequired":true,"valueName":"search_term_string"}}],"inLanguage":"fr-FR"}]}},"_links":{"self":[{"href":"https:\/\/hidecordesign.com\/fr\/wp-json\/wp\/v2\/pages\/10946","targetHints":{"allow":["GET"]}}],"collection":[{"href":"https:\/\/hidecordesign.com\/fr\/wp-json\/wp\/v2\/pages"}],"about":[{"href":"https:\/\/hidecordesign.com\/fr\/wp-json\/wp\/v2\/types\/page"}],"author":[{"embeddable":true,"href":"https:\/\/hidecordesign.com\/fr\/wp-json\/wp\/v2\/users\/1"}],"replies":[{"embeddable":true,"href":"https:\/\/hidecordesign.com\/fr\/wp-json\/wp\/v2\/comments?post=10946"}],"version-history":[{"count":0,"href":"https:\/\/hidecordesign.com\/fr\/wp-json\/wp\/v2\/pages\/10946\/revisions"}],"wp:attachment":[{"href":"https:\/\/hidecordesign.com\/fr\/wp-json\/wp\/v2\/media?parent=10946"}],"curies":[{"name":"wp","href":"https:\/\/api.w.org\/{rel}","templated":true}]}}