{"id":10978,"date":"2023-11-06T05:09:15","date_gmt":"2023-11-06T05:09:15","guid":{"rendered":"https:\/\/hidecordesign.com\/?page_id=10978"},"modified":"2024-08-30T12:23:50","modified_gmt":"2024-08-30T12:23:50","slug":"design-interieur","status":"publish","type":"page","link":"https:\/\/hidecordesign.com\/fr\/design-interieur\/","title":{"rendered":"DESIGN INT\u00c9RIEUR"},"content":{"rendered":"\t\t<div data-elementor-type=\"wp-page\" data-elementor-id=\"10978\" class=\"elementor elementor-10978 elementor-8455\">\n\t\t\t\t\t\t<section class=\"elementor-section elementor-top-section elementor-element elementor-element-5d0cc55 elementor-section-full_width qodef-elementor-content-grid elementor-section-height-default elementor-section-height-default\" data-id=\"5d0cc55\" data-element_type=\"section\" data-e-type=\"section\" data-settings=\"{&quot;background_background&quot;:&quot;classic&quot;}\">\n\t\t\t\t\t\t<div class=\"elementor-container elementor-column-gap-default\">\n\t\t\t\t\t<div class=\"elementor-column elementor-col-100 elementor-top-column elementor-element elementor-element-3522f43\" data-id=\"3522f43\" data-element_type=\"column\" data-e-type=\"column\">\n\t\t\t<div class=\"elementor-widget-wrap elementor-element-populated\">\n\t\t\t\t\t\t<div class=\"elementor-element elementor-element-abbb7d8 elementor-widget elementor-widget-text-editor\" data-id=\"abbb7d8\" data-element_type=\"widget\" data-e-type=\"widget\" data-widget_type=\"text-editor.default\">\n\t\t\t\t<div class=\"elementor-widget-container\">\n\t\t\t\t\t\t\t\t\t<p><span><span><a href=\"https:\/\/hidecordesign.com\/fr\/\">Accueil<\/a><\/span><\/span><\/p>\t\t\t\t\t\t\t\t<\/div>\n\t\t\t\t<\/div>\n\t\t\t\t\t<\/div>\n\t\t<\/div>\n\t\t\t\t\t<\/div>\n\t\t<\/section>\n\t\t\t\t<section class=\"elementor-section elementor-top-section elementor-element elementor-element-cbd2d3f elementor-section-full_width elementor-section-content-middle qodef-elementor-content-grid elementor-section-height-default elementor-section-height-default\" data-id=\"cbd2d3f\" data-element_type=\"section\" data-e-type=\"section\">\n\t\t\t\t\t\t<div class=\"elementor-container elementor-column-gap-default\">\n\t\t\t\t\t<div class=\"elementor-column elementor-col-50 elementor-top-column elementor-element elementor-element-0deacef\" data-id=\"0deacef\" data-element_type=\"column\" data-e-type=\"column\">\n\t\t\t<div class=\"elementor-widget-wrap elementor-element-populated\">\n\t\t\t\t\t\t<div class=\"elementor-element elementor-element-eba4574 elementor-widget elementor-widget-emaurri_core_single_image\" data-id=\"eba4574\" data-element_type=\"widget\" data-e-type=\"widget\" data-widget_type=\"emaurri_core_single_image.default\">\n\t\t\t\t<div class=\"elementor-widget-container\">\n\t\t\t\t\t<div class=\"qodef-shortcode qodef-m  qodef-single-image qodef-layout--default \">\n\t<div class=\"qodef-m-image\">\n\t\t\t<img fetchpriority=\"high\" decoding=\"async\" width=\"637\" height=\"649\" src=\"https:\/\/hidecordesign.com\/wp-content\/uploads\/2023\/11\/9E6CE799-BA15-4AD0-8B5E-437488AF3A53-1.jpg\" class=\"attachment-full size-full\" alt=\"\" srcset=\"https:\/\/hidecordesign.com\/wp-content\/uploads\/2023\/11\/9E6CE799-BA15-4AD0-8B5E-437488AF3A53-1.jpg 637w, https:\/\/hidecordesign.com\/wp-content\/uploads\/2023\/11\/9E6CE799-BA15-4AD0-8B5E-437488AF3A53-1-294x300.jpg 294w, https:\/\/hidecordesign.com\/wp-content\/uploads\/2023\/11\/9E6CE799-BA15-4AD0-8B5E-437488AF3A53-1-600x611.jpg 600w\" sizes=\"(max-width: 637px) 100vw, 637px\" \/>\t<\/div>\n<\/div>\n\t\t\t\t<\/div>\n\t\t\t\t<\/div>\n\t\t\t\t\t<\/div>\n\t\t<\/div>\n\t\t\t\t<div class=\"elementor-column elementor-col-50 elementor-top-column elementor-element elementor-element-840a5c8\" data-id=\"840a5c8\" data-element_type=\"column\" data-e-type=\"column\">\n\t\t\t<div class=\"elementor-widget-wrap elementor-element-populated\">\n\t\t\t\t\t\t<div class=\"elementor-element elementor-element-e015212 elementor-widget elementor-widget-heading\" data-id=\"e015212\" data-element_type=\"widget\" data-e-type=\"widget\" data-widget_type=\"heading.default\">\n\t\t\t\t<div class=\"elementor-widget-container\">\n\t\t\t\t\t<h2 class=\"elementor-heading-title elementor-size-default\">Notre approche est unique et consiste \u00e0 cr\u00e9er des int\u00e9rieurs qui allient parfaitement la fonctionnalit\u00e9, le confort et l'expression individuelle.<\/h2>\t\t\t\t<\/div>\n\t\t\t\t<\/div>\n\t\t\t\t<div class=\"elementor-element elementor-element-edcf669 elementor-widget elementor-widget-text-editor\" data-id=\"edcf669\" data-element_type=\"widget\" data-e-type=\"widget\" data-widget_type=\"text-editor.default\">\n\t\t\t\t<div class=\"elementor-widget-container\">\n\t\t\t\t\t\t\t\t\tNous nous effor\u00e7ons \u00e0 cr\u00e9er des espaces qui exsudent le luxe et la convivialit\u00e9, r\u00e9sultant en une maison \u00e0 la fois raffin\u00e9e et sereine. Gr\u00e2ce \u00e0 nos connaissances approfondies des mat\u00e9riaux, des tissus et des finitions, nous sommes bien \u00e9quip\u00e9s pour vous offrir des conseils pr\u00e9cieux tout au long de vos choix.\t\t\t\t\t\t\t\t<\/div>\n\t\t\t\t<\/div>\n\t\t\t\t\t<\/div>\n\t\t<\/div>\n\t\t\t\t\t<\/div>\n\t\t<\/section>\n\t\t\t\t<section class=\"elementor-section elementor-top-section elementor-element elementor-element-e7077c7 elementor-section-full_width elementor-section-content-middle qodef-elementor-content-grid elementor-reverse-tablet elementor-reverse-mobile elementor-section-height-default elementor-section-height-default\" data-id=\"e7077c7\" data-element_type=\"section\" data-e-type=\"section\">\n\t\t\t\t\t\t<div class=\"elementor-container elementor-column-gap-default\">\n\t\t\t\t\t<div class=\"elementor-column elementor-col-50 elementor-top-column elementor-element elementor-element-18483ba\" data-id=\"18483ba\" data-element_type=\"column\" data-e-type=\"column\">\n\t\t\t<div class=\"elementor-widget-wrap elementor-element-populated\">\n\t\t\t\t\t\t<div class=\"elementor-element elementor-element-27139d0 elementor-widget elementor-widget-text-editor\" data-id=\"27139d0\" data-element_type=\"widget\" data-e-type=\"widget\" data-widget_type=\"text-editor.default\">\n\t\t\t\t<div class=\"elementor-widget-container\">\n\t\t\t\t\t\t\t\t\t<ul><li><strong>Planification de l&rsquo;espace:<\/strong> Organisation et utilisation efficaces de l&rsquo;espace disponible afin d&rsquo;en optimiser la fonctionnalit\u00e9 et la fluidit\u00e9.<\/li><li><strong>D\u00e9veloppement du concept:<\/strong> Cr\u00e9ation d&rsquo;un concept unique qui r\u00e9pond aux pr\u00e9f\u00e9rences, au style de vie et aux objectifs du client.<\/li><li><strong>S\u00e9lection des couleurs et des mat\u00e9riaux:<\/strong> Conseils sur les palettes de couleurs et les choix de mat\u00e9riaux appropri\u00e9s pour am\u00e9liorer l&rsquo;ambiance de l&rsquo;espace.<\/li><li><strong>S\u00e9lection de meubles et d&rsquo;accessoires:<\/strong> Aide au choix du mobilier, des luminaires et d&rsquo;autres \u00e9l\u00e9ments d\u00e9coratifs qui compl\u00e8tent le design.<\/li><li><strong>Conception sur mesure:<\/strong> Conception de pi\u00e8ces sur mesure telles que des armoires encastr\u00e9es, des \u00e9tag\u00e8res et des meubles pour r\u00e9pondre aux exigences sp\u00e9cifiques de l&rsquo;espace.<\/li><\/ul>\t\t\t\t\t\t\t\t<\/div>\n\t\t\t\t<\/div>\n\t\t\t\t\t<\/div>\n\t\t<\/div>\n\t\t\t\t<div class=\"elementor-column elementor-col-50 elementor-top-column elementor-element elementor-element-28f74f9\" data-id=\"28f74f9\" data-element_type=\"column\" data-e-type=\"column\">\n\t\t\t<div class=\"elementor-widget-wrap elementor-element-populated\">\n\t\t\t\t\t\t<div class=\"elementor-element elementor-element-e754105 elementor-widget__width-inherit elementor-widget elementor-widget-emaurri_core_single_image\" data-id=\"e754105\" data-element_type=\"widget\" data-e-type=\"widget\" data-widget_type=\"emaurri_core_single_image.default\">\n\t\t\t\t<div class=\"elementor-widget-container\">\n\t\t\t\t\t<div class=\"qodef-shortcode qodef-m  qodef-single-image qodef-layout--default \">\n\t<div class=\"qodef-m-image\">\n\t\t\t<img decoding=\"async\" width=\"683\" height=\"1024\" src=\"https:\/\/hidecordesign.com\/wp-content\/uploads\/2024\/02\/interior-design2-683x1024.png\" class=\"attachment-large size-large\" alt=\"\" srcset=\"https:\/\/hidecordesign.com\/wp-content\/uploads\/2024\/02\/interior-design2-683x1024.png 683w, https:\/\/hidecordesign.com\/wp-content\/uploads\/2024\/02\/interior-design2-200x300.png 200w, https:\/\/hidecordesign.com\/wp-content\/uploads\/2024\/02\/interior-design2-768x1152.png 768w, https:\/\/hidecordesign.com\/wp-content\/uploads\/2024\/02\/interior-design2.png 800w\" sizes=\"(max-width: 683px) 100vw, 683px\" \/>\t<\/div>\n<\/div>\n\t\t\t\t<\/div>\n\t\t\t\t<\/div>\n\t\t\t\t\t<\/div>\n\t\t<\/div>\n\t\t\t\t\t<\/div>\n\t\t<\/section>\n\t\t\t\t<section class=\"elementor-section elementor-top-section elementor-element elementor-element-0eb738e elementor-section-full_width elementor-section-content-middle qodef-elementor-content-grid elementor-section-height-default elementor-section-height-default\" data-id=\"0eb738e\" data-element_type=\"section\" data-e-type=\"section\">\n\t\t\t\t\t\t<div class=\"elementor-container elementor-column-gap-default\">\n\t\t\t\t\t<div class=\"elementor-column elementor-col-50 elementor-top-column elementor-element elementor-element-0250580\" data-id=\"0250580\" data-element_type=\"column\" data-e-type=\"column\">\n\t\t\t<div class=\"elementor-widget-wrap elementor-element-populated\">\n\t\t\t\t\t\t<div class=\"elementor-element elementor-element-32f6427 elementor-widget elementor-widget-emaurri_core_single_image\" data-id=\"32f6427\" data-element_type=\"widget\" data-e-type=\"widget\" data-widget_type=\"emaurri_core_single_image.default\">\n\t\t\t\t<div class=\"elementor-widget-container\">\n\t\t\t\t\t<div class=\"qodef-shortcode qodef-m  qodef-single-image qodef-layout--default \">\n\t<div class=\"qodef-m-image\">\n\t\t\t<img decoding=\"async\" width=\"683\" height=\"1024\" src=\"https:\/\/hidecordesign.com\/wp-content\/uploads\/2024\/02\/interior-design3-683x1024.png\" class=\"attachment-large size-large\" alt=\"\" srcset=\"https:\/\/hidecordesign.com\/wp-content\/uploads\/2024\/02\/interior-design3-683x1024.png 683w, https:\/\/hidecordesign.com\/wp-content\/uploads\/2024\/02\/interior-design3-200x300.png 200w, https:\/\/hidecordesign.com\/wp-content\/uploads\/2024\/02\/interior-design3-768x1152.png 768w, https:\/\/hidecordesign.com\/wp-content\/uploads\/2024\/02\/interior-design3.png 800w\" sizes=\"(max-width: 683px) 100vw, 683px\" \/>\t<\/div>\n<\/div>\n\t\t\t\t<\/div>\n\t\t\t\t<\/div>\n\t\t\t\t\t<\/div>\n\t\t<\/div>\n\t\t\t\t<div class=\"elementor-column elementor-col-50 elementor-top-column elementor-element elementor-element-eae927b\" data-id=\"eae927b\" data-element_type=\"column\" data-e-type=\"column\">\n\t\t\t<div class=\"elementor-widget-wrap elementor-element-populated\">\n\t\t\t\t\t\t<div class=\"elementor-element elementor-element-697d604 elementor-widget elementor-widget-text-editor\" data-id=\"697d604\" data-element_type=\"widget\" data-e-type=\"widget\" data-widget_type=\"text-editor.default\">\n\t\t\t\t<div class=\"elementor-widget-container\">\n\t\t\t\t\t\t\t\t\t<ul><li><strong>Visualisation 3D<\/strong>: Visualisation r\u00e9aliste des conceptions propos\u00e9es pour aider les clients \u00e0 imaginer le r\u00e9sultat final.<\/li><li><strong>Gestion du budge<\/strong>t: Respect des contraintes budg\u00e9taires du client tout en s\u00e9lectionnant des produits et des mat\u00e9riaux de qualit\u00e9.<\/li><li><strong>Coordination du projet<\/strong>: Supervision de la mise en \u0153uvre du plan de conception, avec la collaboration des entrepreneurs, des vendeurs et des artisans.<\/li><li><strong>Consultations et recommandations<\/strong>: Conseils et recommandations professionnels sur divers aspects du design int\u00e9rieur.<\/li><\/ul>\t\t\t\t\t\t\t\t<\/div>\n\t\t\t\t<\/div>\n\t\t\t\t\t<\/div>\n\t\t<\/div>\n\t\t\t\t\t<\/div>\n\t\t<\/section>\n\t\t\t\t<section class=\"elementor-section elementor-top-section elementor-element elementor-element-7c9166f elementor-section-full_width elementor-section-content-middle qodef-elementor-content-grid elementor-section-height-default elementor-section-height-default\" data-id=\"7c9166f\" data-element_type=\"section\" data-e-type=\"section\">\n\t\t\t\t\t\t<div class=\"elementor-container elementor-column-gap-default\">\n\t\t\t\t\t<div class=\"elementor-column elementor-col-50 elementor-top-column elementor-element elementor-element-d95df7b\" data-id=\"d95df7b\" data-element_type=\"column\" data-e-type=\"column\">\n\t\t\t<div class=\"elementor-widget-wrap\">\n\t\t\t\t\t\t\t<\/div>\n\t\t<\/div>\n\t\t\t\t<div class=\"elementor-column elementor-col-50 elementor-top-column elementor-element elementor-element-311e823\" data-id=\"311e823\" data-element_type=\"column\" data-e-type=\"column\">\n\t\t\t<div class=\"elementor-widget-wrap elementor-element-populated\">\n\t\t\t\t\t\t<div class=\"elementor-element elementor-element-b21ed65 elementor-align-center elementor-widget__width-inherit elementor-widget elementor-widget-button\" data-id=\"b21ed65\" data-element_type=\"widget\" data-e-type=\"widget\" data-widget_type=\"button.default\">\n\t\t\t\t<div class=\"elementor-widget-container\">\n\t\t\t\t\t\t\t\t\t<div class=\"elementor-button-wrapper\">\n\t\t\t\t\t<a class=\"elementor-button elementor-button-link elementor-size-sm\" href=\"https:\/\/hidecordesign.com\/fr\/stylisme-interieur\/\">\n\t\t\t\t\t\t<span class=\"elementor-button-content-wrapper\">\n\t\t\t\t\t\t\t\t\t<span class=\"elementor-button-text\">D\u00e9couvrez le stylisme int\u00e9rieur<\/span>\n\t\t\t\t\t<\/span>\n\t\t\t\t\t<\/a>\n\t\t\t\t<\/div>\n\t\t\t\t\t\t\t\t<\/div>\n\t\t\t\t<\/div>\n\t\t\t\t\t<\/div>\n\t\t<\/div>\n\t\t\t\t\t<\/div>\n\t\t<\/section>\n\t\t\t\t<\/div>\n\t\t","protected":false},"excerpt":{"rendered":"<p>Notre approche est unique et consiste \u00e0 cr\u00e9er des int\u00e9rieurs qui allient parfaitement la fonctionnalit\u00e9, le confort et l&rsquo;expression individuelle. Nous nous effor\u00e7ons \u00e0 cr\u00e9er des espaces qui exsudent le luxe et la convivialit\u00e9, r\u00e9sultant en une maison \u00e0 la fois raffin\u00e9e et sereine. Gr\u00e2ce \u00e0 nos connaissances approfondies des mat\u00e9riaux, des tissus et des [&hellip;]<\/p>\n","protected":false},"author":1,"featured_media":0,"parent":0,"menu_order":0,"comment_status":"closed","ping_status":"closed","template":"page-full-width.php","meta":{"footnotes":""},"class_list":["post-10978","page","type-page","status-publish","hentry"],"yoast_head":"<!-- This site is optimized with the Yoast SEO plugin v27.3 - https:\/\/yoast.com\/product\/yoast-seo-wordpress\/ -->\n<title>DESIGN INT\u00c9RIEUR - H.i Decor Design<\/title>\n<meta name=\"robots\" content=\"index, follow, max-snippet:-1, max-image-preview:large, max-video-preview:-1\" \/>\n<link rel=\"canonical\" href=\"https:\/\/hidecordesign.com\/fr\/design-interieur\/\" \/>\n<meta property=\"og:locale\" content=\"fr_FR\" \/>\n<meta property=\"og:type\" content=\"article\" \/>\n<meta property=\"og:title\" content=\"DESIGN INT\u00c9RIEUR - H.i Decor Design\" \/>\n<meta property=\"og:description\" content=\"Notre approche est unique et consiste \u00e0 cr\u00e9er des int\u00e9rieurs qui allient parfaitement la fonctionnalit\u00e9, le confort et l&rsquo;expression individuelle. Nous nous effor\u00e7ons \u00e0 cr\u00e9er des espaces qui exsudent le luxe et la convivialit\u00e9, r\u00e9sultant en une maison \u00e0 la fois raffin\u00e9e et sereine. Gr\u00e2ce \u00e0 nos connaissances approfondies des mat\u00e9riaux, des tissus et des [&hellip;]\" \/>\n<meta property=\"og:url\" content=\"https:\/\/hidecordesign.com\/fr\/design-interieur\/\" \/>\n<meta property=\"og:site_name\" content=\"H.i Decor Design\" \/>\n<meta property=\"article:modified_time\" content=\"2024-08-30T12:23:50+00:00\" \/>\n<meta property=\"og:image\" content=\"https:\/\/hidecordesign.com\/wp-content\/uploads\/2023\/11\/9E6CE799-BA15-4AD0-8B5E-437488AF3A53-1.jpg\" \/>\n<meta name=\"twitter:card\" content=\"summary_large_image\" \/>\n<meta name=\"twitter:label1\" content=\"Dur\u00e9e de lecture estim\u00e9e\" \/>\n\t<meta name=\"twitter:data1\" content=\"2 minutes\" \/>\n<script type=\"application\/ld+json\" class=\"yoast-schema-graph\">{\"@context\":\"https:\\\/\\\/schema.org\",\"@graph\":[{\"@type\":\"WebPage\",\"@id\":\"https:\\\/\\\/hidecordesign.com\\\/fr\\\/design-interieur\\\/\",\"url\":\"https:\\\/\\\/hidecordesign.com\\\/fr\\\/design-interieur\\\/\",\"name\":\"DESIGN INT\u00c9RIEUR - H.i Decor Design\",\"isPartOf\":{\"@id\":\"https:\\\/\\\/hidecordesign.com\\\/fr\\\/#website\"},\"primaryImageOfPage\":{\"@id\":\"https:\\\/\\\/hidecordesign.com\\\/fr\\\/design-interieur\\\/#primaryimage\"},\"image\":{\"@id\":\"https:\\\/\\\/hidecordesign.com\\\/fr\\\/design-interieur\\\/#primaryimage\"},\"thumbnailUrl\":\"https:\\\/\\\/hidecordesign.com\\\/wp-content\\\/uploads\\\/2023\\\/11\\\/9E6CE799-BA15-4AD0-8B5E-437488AF3A53-1.jpg\",\"datePublished\":\"2023-11-06T05:09:15+00:00\",\"dateModified\":\"2024-08-30T12:23:50+00:00\",\"breadcrumb\":{\"@id\":\"https:\\\/\\\/hidecordesign.com\\\/fr\\\/design-interieur\\\/#breadcrumb\"},\"inLanguage\":\"fr-FR\",\"potentialAction\":[{\"@type\":\"ReadAction\",\"target\":[\"https:\\\/\\\/hidecordesign.com\\\/fr\\\/design-interieur\\\/\"]}]},{\"@type\":\"ImageObject\",\"inLanguage\":\"fr-FR\",\"@id\":\"https:\\\/\\\/hidecordesign.com\\\/fr\\\/design-interieur\\\/#primaryimage\",\"url\":\"https:\\\/\\\/hidecordesign.com\\\/wp-content\\\/uploads\\\/2023\\\/11\\\/9E6CE799-BA15-4AD0-8B5E-437488AF3A53-1.jpg\",\"contentUrl\":\"https:\\\/\\\/hidecordesign.com\\\/wp-content\\\/uploads\\\/2023\\\/11\\\/9E6CE799-BA15-4AD0-8B5E-437488AF3A53-1.jpg\"},{\"@type\":\"BreadcrumbList\",\"@id\":\"https:\\\/\\\/hidecordesign.com\\\/fr\\\/design-interieur\\\/#breadcrumb\",\"itemListElement\":[{\"@type\":\"ListItem\",\"position\":1,\"name\":\"Accueil\",\"item\":\"https:\\\/\\\/hidecordesign.com\\\/fr\\\/\"},{\"@type\":\"ListItem\",\"position\":2,\"name\":\"DESIGN INT\u00c9RIEUR\"}]},{\"@type\":\"WebSite\",\"@id\":\"https:\\\/\\\/hidecordesign.com\\\/fr\\\/#website\",\"url\":\"https:\\\/\\\/hidecordesign.com\\\/fr\\\/\",\"name\":\"H.i Decor Design\",\"description\":\"Harmony\\u2028Inspired\\u2028Interiors\",\"potentialAction\":[{\"@type\":\"SearchAction\",\"target\":{\"@type\":\"EntryPoint\",\"urlTemplate\":\"https:\\\/\\\/hidecordesign.com\\\/fr\\\/?s={search_term_string}\"},\"query-input\":{\"@type\":\"PropertyValueSpecification\",\"valueRequired\":true,\"valueName\":\"search_term_string\"}}],\"inLanguage\":\"fr-FR\"}]}<\/script>\n<!-- \/ Yoast SEO plugin. -->","yoast_head_json":{"title":"DESIGN INT\u00c9RIEUR - H.i Decor Design","robots":{"index":"index","follow":"follow","max-snippet":"max-snippet:-1","max-image-preview":"max-image-preview:large","max-video-preview":"max-video-preview:-1"},"canonical":"https:\/\/hidecordesign.com\/fr\/design-interieur\/","og_locale":"fr_FR","og_type":"article","og_title":"DESIGN INT\u00c9RIEUR - H.i Decor Design","og_description":"Notre approche est unique et consiste \u00e0 cr\u00e9er des int\u00e9rieurs qui allient parfaitement la fonctionnalit\u00e9, le confort et l&rsquo;expression individuelle. Nous nous effor\u00e7ons \u00e0 cr\u00e9er des espaces qui exsudent le luxe et la convivialit\u00e9, r\u00e9sultant en une maison \u00e0 la fois raffin\u00e9e et sereine. Gr\u00e2ce \u00e0 nos connaissances approfondies des mat\u00e9riaux, des tissus et des [&hellip;]","og_url":"https:\/\/hidecordesign.com\/fr\/design-interieur\/","og_site_name":"H.i Decor Design","article_modified_time":"2024-08-30T12:23:50+00:00","og_image":[{"url":"https:\/\/hidecordesign.com\/wp-content\/uploads\/2023\/11\/9E6CE799-BA15-4AD0-8B5E-437488AF3A53-1.jpg","type":"","width":"","height":""}],"twitter_card":"summary_large_image","twitter_misc":{"Dur\u00e9e de lecture estim\u00e9e":"2 minutes"},"schema":{"@context":"https:\/\/schema.org","@graph":[{"@type":"WebPage","@id":"https:\/\/hidecordesign.com\/fr\/design-interieur\/","url":"https:\/\/hidecordesign.com\/fr\/design-interieur\/","name":"DESIGN INT\u00c9RIEUR - H.i Decor Design","isPartOf":{"@id":"https:\/\/hidecordesign.com\/fr\/#website"},"primaryImageOfPage":{"@id":"https:\/\/hidecordesign.com\/fr\/design-interieur\/#primaryimage"},"image":{"@id":"https:\/\/hidecordesign.com\/fr\/design-interieur\/#primaryimage"},"thumbnailUrl":"https:\/\/hidecordesign.com\/wp-content\/uploads\/2023\/11\/9E6CE799-BA15-4AD0-8B5E-437488AF3A53-1.jpg","datePublished":"2023-11-06T05:09:15+00:00","dateModified":"2024-08-30T12:23:50+00:00","breadcrumb":{"@id":"https:\/\/hidecordesign.com\/fr\/design-interieur\/#breadcrumb"},"inLanguage":"fr-FR","potentialAction":[{"@type":"ReadAction","target":["https:\/\/hidecordesign.com\/fr\/design-interieur\/"]}]},{"@type":"ImageObject","inLanguage":"fr-FR","@id":"https:\/\/hidecordesign.com\/fr\/design-interieur\/#primaryimage","url":"https:\/\/hidecordesign.com\/wp-content\/uploads\/2023\/11\/9E6CE799-BA15-4AD0-8B5E-437488AF3A53-1.jpg","contentUrl":"https:\/\/hidecordesign.com\/wp-content\/uploads\/2023\/11\/9E6CE799-BA15-4AD0-8B5E-437488AF3A53-1.jpg"},{"@type":"BreadcrumbList","@id":"https:\/\/hidecordesign.com\/fr\/design-interieur\/#breadcrumb","itemListElement":[{"@type":"ListItem","position":1,"name":"Accueil","item":"https:\/\/hidecordesign.com\/fr\/"},{"@type":"ListItem","position":2,"name":"DESIGN INT\u00c9RIEUR"}]},{"@type":"WebSite","@id":"https:\/\/hidecordesign.com\/fr\/#website","url":"https:\/\/hidecordesign.com\/fr\/","name":"H.i Decor Design","description":"Harmony\u2028Inspired\u2028Interiors","potentialAction":[{"@type":"SearchAction","target":{"@type":"EntryPoint","urlTemplate":"https:\/\/hidecordesign.com\/fr\/?s={search_term_string}"},"query-input":{"@type":"PropertyValueSpecification","valueRequired":true,"valueName":"search_term_string"}}],"inLanguage":"fr-FR"}]}},"_links":{"self":[{"href":"https:\/\/hidecordesign.com\/fr\/wp-json\/wp\/v2\/pages\/10978","targetHints":{"allow":["GET"]}}],"collection":[{"href":"https:\/\/hidecordesign.com\/fr\/wp-json\/wp\/v2\/pages"}],"about":[{"href":"https:\/\/hidecordesign.com\/fr\/wp-json\/wp\/v2\/types\/page"}],"author":[{"embeddable":true,"href":"https:\/\/hidecordesign.com\/fr\/wp-json\/wp\/v2\/users\/1"}],"replies":[{"embeddable":true,"href":"https:\/\/hidecordesign.com\/fr\/wp-json\/wp\/v2\/comments?post=10978"}],"version-history":[{"count":0,"href":"https:\/\/hidecordesign.com\/fr\/wp-json\/wp\/v2\/pages\/10978\/revisions"}],"wp:attachment":[{"href":"https:\/\/hidecordesign.com\/fr\/wp-json\/wp\/v2\/media?parent=10978"}],"curies":[{"name":"wp","href":"https:\/\/api.w.org\/{rel}","templated":true}]}}