{"id":10997,"date":"2023-11-06T05:16:24","date_gmt":"2023-11-06T05:16:24","guid":{"rendered":"https:\/\/hidecordesign.com\/?page_id=10997"},"modified":"2024-08-30T12:29:17","modified_gmt":"2024-08-30T12:29:17","slug":"stylisme-interieur","status":"publish","type":"page","link":"https:\/\/hidecordesign.com\/fr\/stylisme-interieur\/","title":{"rendered":"STYLISME INT\u00c9RIEUR"},"content":{"rendered":"\t\t<div data-elementor-type=\"wp-page\" data-elementor-id=\"10997\" class=\"elementor elementor-10997 elementor-8459\">\n\t\t\t\t\t\t<section class=\"elementor-section elementor-top-section elementor-element elementor-element-7f6074d elementor-section-full_width qodef-elementor-content-grid elementor-section-height-default elementor-section-height-default\" data-id=\"7f6074d\" data-element_type=\"section\" data-e-type=\"section\" data-settings=\"{&quot;background_background&quot;:&quot;classic&quot;}\">\n\t\t\t\t\t\t<div class=\"elementor-container elementor-column-gap-default\">\n\t\t\t\t\t<div class=\"elementor-column elementor-col-100 elementor-top-column elementor-element elementor-element-57bb30e\" data-id=\"57bb30e\" data-element_type=\"column\" data-e-type=\"column\">\n\t\t\t<div class=\"elementor-widget-wrap elementor-element-populated\">\n\t\t\t\t\t\t<div class=\"elementor-element elementor-element-2542681 elementor-widget elementor-widget-text-editor\" data-id=\"2542681\" data-element_type=\"widget\" data-e-type=\"widget\" data-widget_type=\"text-editor.default\">\n\t\t\t\t<div class=\"elementor-widget-container\">\n\t\t\t\t\t\t\t\t\t<p><span><span><a href=\"https:\/\/hidecordesign.com\/fr\/\">Accueil<\/a><\/span><\/span><\/p>\t\t\t\t\t\t\t\t<\/div>\n\t\t\t\t<\/div>\n\t\t\t\t\t<\/div>\n\t\t<\/div>\n\t\t\t\t\t<\/div>\n\t\t<\/section>\n\t\t\t\t<section class=\"elementor-section elementor-top-section elementor-element elementor-element-7240077e elementor-section-full_width elementor-section-content-middle qodef-elementor-content-grid elementor-section-height-default elementor-section-height-default\" data-id=\"7240077e\" data-element_type=\"section\" data-e-type=\"section\">\n\t\t\t\t\t\t<div class=\"elementor-container elementor-column-gap-default\">\n\t\t\t\t\t<div class=\"elementor-column elementor-col-50 elementor-top-column elementor-element elementor-element-1bb95468\" data-id=\"1bb95468\" data-element_type=\"column\" data-e-type=\"column\">\n\t\t\t<div class=\"elementor-widget-wrap elementor-element-populated\">\n\t\t\t\t\t\t<div class=\"elementor-element elementor-element-2b5dbb56 elementor-widget elementor-widget-emaurri_core_single_image\" data-id=\"2b5dbb56\" data-element_type=\"widget\" data-e-type=\"widget\" data-widget_type=\"emaurri_core_single_image.default\">\n\t\t\t\t<div class=\"elementor-widget-container\">\n\t\t\t\t\t<div class=\"qodef-shortcode qodef-m  qodef-single-image qodef-layout--default \">\n\t<div class=\"qodef-m-image\">\n\t\t\t<img fetchpriority=\"high\" decoding=\"async\" width=\"632\" height=\"786\" src=\"https:\/\/hidecordesign.com\/wp-content\/uploads\/2023\/11\/IMG_0198-1.jpg\" class=\"attachment-full size-full\" alt=\"\" srcset=\"https:\/\/hidecordesign.com\/wp-content\/uploads\/2023\/11\/IMG_0198-1.jpg 632w, https:\/\/hidecordesign.com\/wp-content\/uploads\/2023\/11\/IMG_0198-1-241x300.jpg 241w, https:\/\/hidecordesign.com\/wp-content\/uploads\/2023\/11\/IMG_0198-1-600x746.jpg 600w\" sizes=\"(max-width: 632px) 100vw, 632px\" \/>\t<\/div>\n<\/div>\n\t\t\t\t<\/div>\n\t\t\t\t<\/div>\n\t\t\t\t\t<\/div>\n\t\t<\/div>\n\t\t\t\t<div class=\"elementor-column elementor-col-50 elementor-top-column elementor-element elementor-element-6bc59bd6\" data-id=\"6bc59bd6\" data-element_type=\"column\" data-e-type=\"column\">\n\t\t\t<div class=\"elementor-widget-wrap elementor-element-populated\">\n\t\t\t\t\t\t<div class=\"elementor-element elementor-element-19137d1f elementor-widget elementor-widget-heading\" data-id=\"19137d1f\" data-element_type=\"widget\" data-e-type=\"widget\" data-widget_type=\"heading.default\">\n\t\t\t\t<div class=\"elementor-widget-container\">\n\t\t\t\t\t<h2 class=\"elementor-heading-title elementor-size-default\">D\u00e9couvrez la transformation magique d'un espace qui refl\u00e8te votre style et votre personnalit\u00e9 de mani\u00e8re unique.<\/h2>\t\t\t\t<\/div>\n\t\t\t\t<\/div>\n\t\t\t\t<div class=\"elementor-element elementor-element-7c330d93 elementor-widget elementor-widget-text-editor\" data-id=\"7c330d93\" data-element_type=\"widget\" data-e-type=\"widget\" data-widget_type=\"text-editor.default\">\n\t\t\t\t<div class=\"elementor-widget-container\">\n\t\t\t\t\t\t\t\t\tNotre \u00e9quipe d&rsquo;experts s\u00e9lectionnera la combinaison parfaite de meubles, de couleurs et d&rsquo;accessoires pour concr\u00e9tiser votre vision. Optimisez votre espace de vie ou de travail et laissez-vous s\u00e9duire par un environnement bien am\u00e9nag\u00e9. D\u00e9couvrez toutes les possibilit\u00e9s qui s&rsquo;offrent \u00e0 vous gr\u00e2ce \u00e0 notre service de stylisme int\u00e9rieur professionnel!\t\t\t\t\t\t\t\t<\/div>\n\t\t\t\t<\/div>\n\t\t\t\t\t<\/div>\n\t\t<\/div>\n\t\t\t\t\t<\/div>\n\t\t<\/section>\n\t\t\t\t<section class=\"elementor-section elementor-top-section elementor-element elementor-element-6033e33b elementor-section-full_width elementor-section-content-middle qodef-elementor-content-grid elementor-reverse-tablet elementor-reverse-mobile elementor-section-height-default elementor-section-height-default\" data-id=\"6033e33b\" data-element_type=\"section\" data-e-type=\"section\">\n\t\t\t\t\t\t<div class=\"elementor-container elementor-column-gap-default\">\n\t\t\t\t\t<div class=\"elementor-column elementor-col-50 elementor-top-column elementor-element elementor-element-d7e9693\" data-id=\"d7e9693\" data-element_type=\"column\" data-e-type=\"column\">\n\t\t\t<div class=\"elementor-widget-wrap elementor-element-populated\">\n\t\t\t\t\t\t<div class=\"elementor-element elementor-element-5b346461 elementor-widget elementor-widget-text-editor\" data-id=\"5b346461\" data-element_type=\"widget\" data-e-type=\"widget\" data-widget_type=\"text-editor.default\">\n\t\t\t\t<div class=\"elementor-widget-container\">\n\t\t\t\t\t\t\t\t\t<ul><li><strong>Narratif visuel<\/strong>: \u00c9laboration d&rsquo;un narratif ou d&rsquo;un th\u00e8me coh\u00e9rent pour l&rsquo;espace qui refl\u00e8te la personnalit\u00e9 et les pr\u00e9f\u00e9rences du client.<\/li><li><strong>\u00c9l\u00e9ments d\u00e9coratifs<\/strong>: S\u00e9lection et am\u00e9nagement du mobilier, des \u0153uvres d&rsquo;art, des accessoires, des textiles, de l&rsquo;\u00e9clairage et des pi\u00e8ces d\u00e9coratives pour rehausser l&rsquo;attrait visuel de l&rsquo;espace.<\/li><li><strong>Coordination des couleurs<\/strong>: Conseils sur les combinaisons de couleurs appropri\u00e9es pour cr\u00e9er une atmosph\u00e8re harmonieuse et accueillante.<\/li><li><strong>Texture et superposition<\/strong>: Utilisation de diff\u00e9rentes textures et superposition d&rsquo;\u00e9l\u00e9ments pour ajouter de la profondeur et de la richesse \u00e0 l&rsquo;espace.<\/li><li><strong>Mise en valeur de l&rsquo;espace<\/strong>: Utilisation de techniques de design pour optimiser l&rsquo;espace disponible et am\u00e9liorer sa fonctionnalit\u00e9.<\/li><li><strong>Stylisme saisonnier et \u00e9v\u00e9nementiel<\/strong>: Services de stylisme pour des occasions ou des saisons sp\u00e9cifiques, comme les d\u00e9cors du temps des F\u00eates ou les \u00e9v\u00e9nements sp\u00e9ciaux.<\/li><\/ul>\t\t\t\t\t\t\t\t<\/div>\n\t\t\t\t<\/div>\n\t\t\t\t\t<\/div>\n\t\t<\/div>\n\t\t\t\t<div class=\"elementor-column elementor-col-50 elementor-top-column elementor-element elementor-element-7ed8a20e\" data-id=\"7ed8a20e\" data-element_type=\"column\" data-e-type=\"column\">\n\t\t\t<div class=\"elementor-widget-wrap elementor-element-populated\">\n\t\t\t\t\t\t<div class=\"elementor-element elementor-element-4e776ad5 elementor-widget__width-inherit elementor-widget elementor-widget-emaurri_core_single_image\" data-id=\"4e776ad5\" data-element_type=\"widget\" data-e-type=\"widget\" data-widget_type=\"emaurri_core_single_image.default\">\n\t\t\t\t<div class=\"elementor-widget-container\">\n\t\t\t\t\t<div class=\"qodef-shortcode qodef-m  qodef-single-image qodef-layout--default \">\n\t<div class=\"qodef-m-image\">\n\t\t\t<img decoding=\"async\" width=\"768\" height=\"1024\" src=\"https:\/\/hidecordesign.com\/wp-content\/uploads\/2024\/02\/interior-styling2-768x1024.png\" class=\"attachment-large size-large\" alt=\"\" srcset=\"https:\/\/hidecordesign.com\/wp-content\/uploads\/2024\/02\/interior-styling2-768x1024.png 768w, https:\/\/hidecordesign.com\/wp-content\/uploads\/2024\/02\/interior-styling2-225x300.png 225w, https:\/\/hidecordesign.com\/wp-content\/uploads\/2024\/02\/interior-styling2.png 900w\" sizes=\"(max-width: 768px) 100vw, 768px\" \/>\t<\/div>\n<\/div>\n\t\t\t\t<\/div>\n\t\t\t\t<\/div>\n\t\t\t\t\t<\/div>\n\t\t<\/div>\n\t\t\t\t\t<\/div>\n\t\t<\/section>\n\t\t\t\t<section class=\"elementor-section elementor-top-section elementor-element elementor-element-30addab9 elementor-section-full_width elementor-section-content-middle qodef-elementor-content-grid elementor-section-height-default elementor-section-height-default\" data-id=\"30addab9\" data-element_type=\"section\" data-e-type=\"section\">\n\t\t\t\t\t\t<div class=\"elementor-container elementor-column-gap-default\">\n\t\t\t\t\t<div class=\"elementor-column elementor-col-50 elementor-top-column elementor-element elementor-element-4bf3b21a\" data-id=\"4bf3b21a\" data-element_type=\"column\" data-e-type=\"column\">\n\t\t\t<div class=\"elementor-widget-wrap elementor-element-populated\">\n\t\t\t\t\t\t<div class=\"elementor-element elementor-element-1e34feb8 elementor-widget elementor-widget-emaurri_core_single_image\" data-id=\"1e34feb8\" data-element_type=\"widget\" data-e-type=\"widget\" data-widget_type=\"emaurri_core_single_image.default\">\n\t\t\t\t<div class=\"elementor-widget-container\">\n\t\t\t\t\t<div class=\"qodef-shortcode qodef-m  qodef-single-image qodef-layout--default \">\n\t<div class=\"qodef-m-image\">\n\t\t\t<img decoding=\"async\" width=\"683\" height=\"1024\" src=\"https:\/\/hidecordesign.com\/wp-content\/uploads\/2024\/02\/interior-styling3-683x1024.png\" class=\"attachment-large size-large\" alt=\"\" srcset=\"https:\/\/hidecordesign.com\/wp-content\/uploads\/2024\/02\/interior-styling3-683x1024.png 683w, https:\/\/hidecordesign.com\/wp-content\/uploads\/2024\/02\/interior-styling3-200x300.png 200w, https:\/\/hidecordesign.com\/wp-content\/uploads\/2024\/02\/interior-styling3-768x1152.png 768w, https:\/\/hidecordesign.com\/wp-content\/uploads\/2024\/02\/interior-styling3.png 800w\" sizes=\"(max-width: 683px) 100vw, 683px\" \/>\t<\/div>\n<\/div>\n\t\t\t\t<\/div>\n\t\t\t\t<\/div>\n\t\t\t\t\t<\/div>\n\t\t<\/div>\n\t\t\t\t<div class=\"elementor-column elementor-col-50 elementor-top-column elementor-element elementor-element-3ed3216f\" data-id=\"3ed3216f\" data-element_type=\"column\" data-e-type=\"column\">\n\t\t\t<div class=\"elementor-widget-wrap elementor-element-populated\">\n\t\t\t\t\t\t<div class=\"elementor-element elementor-element-4e9a857c elementor-widget elementor-widget-text-editor\" data-id=\"4e9a857c\" data-element_type=\"widget\" data-e-type=\"widget\" data-widget_type=\"text-editor.default\">\n\t\t\t\t<div class=\"elementor-widget-container\">\n\t\t\t\t\t\t\t\t\t<ul><li><strong>Rajeunissement des espaces<\/strong>: Rafra\u00eechir et moderniser des int\u00e9rieurs d\u00e9j\u00e0 existants en leur insufflant un nouveau look et une nouvelle ambiance, souvent sans changements structurels significatifs.<\/li><li><strong>Stylisme pour le secteur de l&rsquo;immobilier<\/strong>: Pr\u00e9parer et am\u00e9nager des propri\u00e9t\u00e9s pour les rendre plus attrayantes aux yeux des acheteurs potentiels.<\/li><li><strong>Magasinage personnel<\/strong>: Assister les clients dans la s\u00e9lection de meubles et des \u00e9l\u00e9ments de d\u00e9coration qui compl\u00e8tent la vision globale du design.<\/li><li><strong>Touches finales<\/strong>: Ajout de touches finales attentionn\u00e9es pour unifier l&rsquo;ensemble de l&rsquo;espace et cr\u00e9er une atmosph\u00e8re compl\u00e8te.<\/li><li><strong>Service de d\u00e9sencombrement<\/strong>: Aider les clients \u00e0 organiser et \u00e0 simplifier leur espace de vie en supprimant les objets inutiles et en cr\u00e9ant un environnement plus organis\u00e9 et plus harmonieux.<\/li><\/ul>\t\t\t\t\t\t\t\t<\/div>\n\t\t\t\t<\/div>\n\t\t\t\t\t<\/div>\n\t\t<\/div>\n\t\t\t\t\t<\/div>\n\t\t<\/section>\n\t\t\t\t<section class=\"elementor-section elementor-top-section elementor-element elementor-element-e853721 elementor-section-full_width elementor-section-content-middle qodef-elementor-content-grid elementor-section-height-default elementor-section-height-default\" data-id=\"e853721\" data-element_type=\"section\" data-e-type=\"section\">\n\t\t\t\t\t\t<div class=\"elementor-container elementor-column-gap-default\">\n\t\t\t\t\t<div class=\"elementor-column elementor-col-50 elementor-top-column elementor-element elementor-element-a0886ab\" data-id=\"a0886ab\" data-element_type=\"column\" data-e-type=\"column\">\n\t\t\t<div class=\"elementor-widget-wrap\">\n\t\t\t\t\t\t\t<\/div>\n\t\t<\/div>\n\t\t\t\t<div class=\"elementor-column elementor-col-50 elementor-top-column elementor-element elementor-element-0004329\" data-id=\"0004329\" data-element_type=\"column\" data-e-type=\"column\">\n\t\t\t<div class=\"elementor-widget-wrap elementor-element-populated\">\n\t\t\t\t\t\t<div class=\"elementor-element elementor-element-3a39393 elementor-align-center elementor-widget__width-inherit elementor-widget elementor-widget-button\" data-id=\"3a39393\" data-element_type=\"widget\" data-e-type=\"widget\" data-widget_type=\"button.default\">\n\t\t\t\t<div class=\"elementor-widget-container\">\n\t\t\t\t\t\t\t\t\t<div class=\"elementor-button-wrapper\">\n\t\t\t\t\t<a class=\"elementor-button elementor-button-link elementor-size-sm\" href=\"https:\/\/hidecordesign.com\/fr\/interieurs-inspires-en-harmonie\/\">\n\t\t\t\t\t\t<span class=\"elementor-button-content-wrapper\">\n\t\t\t\t\t\t\t\t\t<span class=\"elementor-button-text\">D\u00e9couvrez \u00ab Harmony Inspired Home <\/span>\n\t\t\t\t\t<\/span>\n\t\t\t\t\t<\/a>\n\t\t\t\t<\/div>\n\t\t\t\t\t\t\t\t<\/div>\n\t\t\t\t<\/div>\n\t\t\t\t\t<\/div>\n\t\t<\/div>\n\t\t\t\t\t<\/div>\n\t\t<\/section>\n\t\t\t\t<\/div>\n\t\t","protected":false},"excerpt":{"rendered":"<p>D\u00e9couvrez la transformation magique d&rsquo;un espace qui refl\u00e8te votre style et votre personnalit\u00e9 de mani\u00e8re unique. Notre \u00e9quipe d&rsquo;experts s\u00e9lectionnera la combinaison parfaite de meubles, de couleurs et d&rsquo;accessoires pour concr\u00e9tiser votre vision. Optimisez votre espace de vie ou de travail et laissez-vous s\u00e9duire par un environnement bien am\u00e9nag\u00e9. D\u00e9couvrez toutes les possibilit\u00e9s qui s&rsquo;offrent [&hellip;]<\/p>\n","protected":false},"author":1,"featured_media":0,"parent":0,"menu_order":0,"comment_status":"closed","ping_status":"closed","template":"page-full-width.php","meta":{"footnotes":""},"class_list":["post-10997","page","type-page","status-publish","hentry"],"yoast_head":"<!-- This site is optimized with the Yoast SEO plugin v27.4 - https:\/\/yoast.com\/product\/yoast-seo-wordpress\/ -->\n<title>STYLISME INT\u00c9RIEUR - H.i Decor Design<\/title>\n<meta name=\"robots\" content=\"index, follow, max-snippet:-1, max-image-preview:large, max-video-preview:-1\" \/>\n<link rel=\"canonical\" href=\"https:\/\/hidecordesign.com\/fr\/stylisme-interieur\/\" \/>\n<meta property=\"og:locale\" content=\"fr_FR\" \/>\n<meta property=\"og:type\" content=\"article\" \/>\n<meta property=\"og:title\" content=\"STYLISME INT\u00c9RIEUR - H.i Decor Design\" \/>\n<meta property=\"og:description\" content=\"D\u00e9couvrez la transformation magique d&rsquo;un espace qui refl\u00e8te votre style et votre personnalit\u00e9 de mani\u00e8re unique. Notre \u00e9quipe d&rsquo;experts s\u00e9lectionnera la combinaison parfaite de meubles, de couleurs et d&rsquo;accessoires pour concr\u00e9tiser votre vision. Optimisez votre espace de vie ou de travail et laissez-vous s\u00e9duire par un environnement bien am\u00e9nag\u00e9. D\u00e9couvrez toutes les possibilit\u00e9s qui s&rsquo;offrent [&hellip;]\" \/>\n<meta property=\"og:url\" content=\"https:\/\/hidecordesign.com\/fr\/stylisme-interieur\/\" \/>\n<meta property=\"og:site_name\" content=\"H.i Decor Design\" \/>\n<meta property=\"article:modified_time\" content=\"2024-08-30T12:29:17+00:00\" \/>\n<meta property=\"og:image\" content=\"https:\/\/hidecordesign.com\/wp-content\/uploads\/2023\/11\/IMG_0198-1.jpg\" \/>\n<meta name=\"twitter:card\" content=\"summary_large_image\" \/>\n<meta name=\"twitter:label1\" content=\"Dur\u00e9e de lecture estim\u00e9e\" \/>\n\t<meta name=\"twitter:data1\" content=\"3 minutes\" \/>\n<script type=\"application\/ld+json\" class=\"yoast-schema-graph\">{\"@context\":\"https:\\\/\\\/schema.org\",\"@graph\":[{\"@type\":\"WebPage\",\"@id\":\"https:\\\/\\\/hidecordesign.com\\\/fr\\\/stylisme-interieur\\\/\",\"url\":\"https:\\\/\\\/hidecordesign.com\\\/fr\\\/stylisme-interieur\\\/\",\"name\":\"STYLISME INT\u00c9RIEUR - H.i Decor Design\",\"isPartOf\":{\"@id\":\"https:\\\/\\\/hidecordesign.com\\\/fr\\\/#website\"},\"primaryImageOfPage\":{\"@id\":\"https:\\\/\\\/hidecordesign.com\\\/fr\\\/stylisme-interieur\\\/#primaryimage\"},\"image\":{\"@id\":\"https:\\\/\\\/hidecordesign.com\\\/fr\\\/stylisme-interieur\\\/#primaryimage\"},\"thumbnailUrl\":\"https:\\\/\\\/hidecordesign.com\\\/wp-content\\\/uploads\\\/2023\\\/11\\\/IMG_0198-1.jpg\",\"datePublished\":\"2023-11-06T05:16:24+00:00\",\"dateModified\":\"2024-08-30T12:29:17+00:00\",\"breadcrumb\":{\"@id\":\"https:\\\/\\\/hidecordesign.com\\\/fr\\\/stylisme-interieur\\\/#breadcrumb\"},\"inLanguage\":\"fr-FR\",\"potentialAction\":[{\"@type\":\"ReadAction\",\"target\":[\"https:\\\/\\\/hidecordesign.com\\\/fr\\\/stylisme-interieur\\\/\"]}]},{\"@type\":\"ImageObject\",\"inLanguage\":\"fr-FR\",\"@id\":\"https:\\\/\\\/hidecordesign.com\\\/fr\\\/stylisme-interieur\\\/#primaryimage\",\"url\":\"https:\\\/\\\/hidecordesign.com\\\/wp-content\\\/uploads\\\/2023\\\/11\\\/IMG_0198-1.jpg\",\"contentUrl\":\"https:\\\/\\\/hidecordesign.com\\\/wp-content\\\/uploads\\\/2023\\\/11\\\/IMG_0198-1.jpg\"},{\"@type\":\"BreadcrumbList\",\"@id\":\"https:\\\/\\\/hidecordesign.com\\\/fr\\\/stylisme-interieur\\\/#breadcrumb\",\"itemListElement\":[{\"@type\":\"ListItem\",\"position\":1,\"name\":\"Accueil\",\"item\":\"https:\\\/\\\/hidecordesign.com\\\/fr\\\/\"},{\"@type\":\"ListItem\",\"position\":2,\"name\":\"STYLISME INT\u00c9RIEUR\"}]},{\"@type\":\"WebSite\",\"@id\":\"https:\\\/\\\/hidecordesign.com\\\/fr\\\/#website\",\"url\":\"https:\\\/\\\/hidecordesign.com\\\/fr\\\/\",\"name\":\"H.i Decor Design\",\"description\":\"Harmony\\u2028Inspired\\u2028Interiors\",\"potentialAction\":[{\"@type\":\"SearchAction\",\"target\":{\"@type\":\"EntryPoint\",\"urlTemplate\":\"https:\\\/\\\/hidecordesign.com\\\/fr\\\/?s={search_term_string}\"},\"query-input\":{\"@type\":\"PropertyValueSpecification\",\"valueRequired\":true,\"valueName\":\"search_term_string\"}}],\"inLanguage\":\"fr-FR\"}]}<\/script>\n<!-- \/ Yoast SEO plugin. -->","yoast_head_json":{"title":"STYLISME INT\u00c9RIEUR - H.i Decor Design","robots":{"index":"index","follow":"follow","max-snippet":"max-snippet:-1","max-image-preview":"max-image-preview:large","max-video-preview":"max-video-preview:-1"},"canonical":"https:\/\/hidecordesign.com\/fr\/stylisme-interieur\/","og_locale":"fr_FR","og_type":"article","og_title":"STYLISME INT\u00c9RIEUR - H.i Decor Design","og_description":"D\u00e9couvrez la transformation magique d&rsquo;un espace qui refl\u00e8te votre style et votre personnalit\u00e9 de mani\u00e8re unique. Notre \u00e9quipe d&rsquo;experts s\u00e9lectionnera la combinaison parfaite de meubles, de couleurs et d&rsquo;accessoires pour concr\u00e9tiser votre vision. Optimisez votre espace de vie ou de travail et laissez-vous s\u00e9duire par un environnement bien am\u00e9nag\u00e9. D\u00e9couvrez toutes les possibilit\u00e9s qui s&rsquo;offrent [&hellip;]","og_url":"https:\/\/hidecordesign.com\/fr\/stylisme-interieur\/","og_site_name":"H.i Decor Design","article_modified_time":"2024-08-30T12:29:17+00:00","og_image":[{"url":"https:\/\/hidecordesign.com\/wp-content\/uploads\/2023\/11\/IMG_0198-1.jpg","type":"","width":"","height":""}],"twitter_card":"summary_large_image","twitter_misc":{"Dur\u00e9e de lecture estim\u00e9e":"3 minutes"},"schema":{"@context":"https:\/\/schema.org","@graph":[{"@type":"WebPage","@id":"https:\/\/hidecordesign.com\/fr\/stylisme-interieur\/","url":"https:\/\/hidecordesign.com\/fr\/stylisme-interieur\/","name":"STYLISME INT\u00c9RIEUR - H.i Decor Design","isPartOf":{"@id":"https:\/\/hidecordesign.com\/fr\/#website"},"primaryImageOfPage":{"@id":"https:\/\/hidecordesign.com\/fr\/stylisme-interieur\/#primaryimage"},"image":{"@id":"https:\/\/hidecordesign.com\/fr\/stylisme-interieur\/#primaryimage"},"thumbnailUrl":"https:\/\/hidecordesign.com\/wp-content\/uploads\/2023\/11\/IMG_0198-1.jpg","datePublished":"2023-11-06T05:16:24+00:00","dateModified":"2024-08-30T12:29:17+00:00","breadcrumb":{"@id":"https:\/\/hidecordesign.com\/fr\/stylisme-interieur\/#breadcrumb"},"inLanguage":"fr-FR","potentialAction":[{"@type":"ReadAction","target":["https:\/\/hidecordesign.com\/fr\/stylisme-interieur\/"]}]},{"@type":"ImageObject","inLanguage":"fr-FR","@id":"https:\/\/hidecordesign.com\/fr\/stylisme-interieur\/#primaryimage","url":"https:\/\/hidecordesign.com\/wp-content\/uploads\/2023\/11\/IMG_0198-1.jpg","contentUrl":"https:\/\/hidecordesign.com\/wp-content\/uploads\/2023\/11\/IMG_0198-1.jpg"},{"@type":"BreadcrumbList","@id":"https:\/\/hidecordesign.com\/fr\/stylisme-interieur\/#breadcrumb","itemListElement":[{"@type":"ListItem","position":1,"name":"Accueil","item":"https:\/\/hidecordesign.com\/fr\/"},{"@type":"ListItem","position":2,"name":"STYLISME INT\u00c9RIEUR"}]},{"@type":"WebSite","@id":"https:\/\/hidecordesign.com\/fr\/#website","url":"https:\/\/hidecordesign.com\/fr\/","name":"H.i Decor Design","description":"Harmony\u2028Inspired\u2028Interiors","potentialAction":[{"@type":"SearchAction","target":{"@type":"EntryPoint","urlTemplate":"https:\/\/hidecordesign.com\/fr\/?s={search_term_string}"},"query-input":{"@type":"PropertyValueSpecification","valueRequired":true,"valueName":"search_term_string"}}],"inLanguage":"fr-FR"}]}},"_links":{"self":[{"href":"https:\/\/hidecordesign.com\/fr\/wp-json\/wp\/v2\/pages\/10997","targetHints":{"allow":["GET"]}}],"collection":[{"href":"https:\/\/hidecordesign.com\/fr\/wp-json\/wp\/v2\/pages"}],"about":[{"href":"https:\/\/hidecordesign.com\/fr\/wp-json\/wp\/v2\/types\/page"}],"author":[{"embeddable":true,"href":"https:\/\/hidecordesign.com\/fr\/wp-json\/wp\/v2\/users\/1"}],"replies":[{"embeddable":true,"href":"https:\/\/hidecordesign.com\/fr\/wp-json\/wp\/v2\/comments?post=10997"}],"version-history":[{"count":0,"href":"https:\/\/hidecordesign.com\/fr\/wp-json\/wp\/v2\/pages\/10997\/revisions"}],"wp:attachment":[{"href":"https:\/\/hidecordesign.com\/fr\/wp-json\/wp\/v2\/media?parent=10997"}],"curies":[{"name":"wp","href":"https:\/\/api.w.org\/{rel}","templated":true}]}}